{"id":122,"date":"2021-05-18T15:07:10","date_gmt":"2021-05-18T15:07:10","guid":{"rendered":"https:\/\/autiliavolpe.it\/?page_id=122"},"modified":"2024-02-07T09:16:33","modified_gmt":"2024-02-07T09:16:33","slug":"le-attivita","status":"publish","type":"page","link":"https:\/\/autiliavolpe.it\/index.php\/le-attivita\/","title":{"rendered":"le Attivit\u00e0"},"content":{"rendered":"\n<h2 class=\"wp-block-heading\">Le attivit\u00e0 per i ragazzi<\/h2>\n\n\n\n<figure class=\"wp-block-image size-full\"><img fetchpriority=\"high\" decoding=\"async\" width=\"526\" height=\"326\" src=\"https:\/\/autiliavolpe.it\/wp-content\/uploads\/2024\/02\/13.jpg\" alt=\"\" class=\"wp-image-395\" srcset=\"https:\/\/autiliavolpe.it\/wp-content\/uploads\/2024\/02\/13.jpg 526w, https:\/\/autiliavolpe.it\/wp-content\/uploads\/2024\/02\/13-300x186.jpg 300w\" sizes=\"(max-width: 526px) 100vw, 526px\" \/><\/figure>\n\n\n\n<p>Il centro offre un servizio socio-educativo a tutti i ragazzi con disabilit\u00e0 psico-fisiche, soprattutto a quelli non pi\u00f9 in et\u00e0 scolare. La permanenza al centro rappresenta una valida opportunit\u00e0 di recupero per i soggetti in difficolt\u00e0 e una possibilit\u00e0 di sostegno per le famiglie, alle quali non viene sottratto il rapporto parentale con l\u2019esclusione che deriverebbe da un internamento. Lo scopo, infatti, del centro \u00e8 quello della reintegrazione , del recupero della dignit\u00e0 sociale offuscata dal pregiudizio.<\/p>\n\n\n\n<div style=\"height:50px\" aria-hidden=\"true\" class=\"wp-block-spacer\"><\/div>\n\n\n\n<h3 class=\"wp-block-heading\"><strong>Laboratorio Espressivo-Relazionale<\/strong><\/h3>\n\n\n\n<p>Il laboratorio espressivo-relazionale \u00e8 realizzato con lo scopo di mettere a confronto le diverse abilit\u00e0 valorizzandone le differenze non come mancanza, ma come valore aggiunto .Esso diviene uno spazio libero per lo sviluppo di abilit\u00e0 psico-fisiche nascoste per le quali la creativit\u00e0 diventa un veicolo importante, nel rispetto della libert\u00e0 individuale e un luogo dove ognuno ricerca ed elabora le proprie capacit\u00e0 espressive. Il laboratorio coinvolge non solo tutti coloro che intendono conoscersi ed esprimere se stessi, ma anche persone con \u201cdifferenti abilit\u00e0\u201d che si trovano in una fase critica della propria vita. Ogni partecipante ha un proprio spazio espressivo grazie al quale attraverso attivit\u00e0 di risocializzazione, role play, attivit\u00e0 grafo-motorie aumenta la consapevolezza rispetto alle proprie capacit\u00e0 personali.<\/p>\n\n\n\n<div style=\"height:50px\" aria-hidden=\"true\" class=\"wp-block-spacer\"><\/div>\n\n\n\n<h3 class=\"wp-block-heading\"><strong>Laboratorio Teatrale<\/strong><\/h3>\n\n\n\n<p>Il teatro, uno dei giochi pi\u00f9 antichi del mondo, \u00e8 in grado di sviluppare i diversi ambiti dell\u2019esperienza umana; il suo scopo \u00e8 quello di essere da stimolo all\u2019apprendimento attraverso l\u2019imitazione e l\u2019osservazione del comportamento degli altri. Il laboratorio teatrale, rifacendosi ad una metodologia operativa basata sulla costruzione dei role-play, porta alla realizzazione di una rappresentazione fondata sull\u2019improvvisazione. La finalit\u00e0 principale del laboratorio \u00e8 quella di sviluppare la capacit\u00e0 di lavorare sia in gruppo che singolarmente per migliorare le capacit\u00e0 espressive e favorire una maggiore autostima attraverso strategie specifiche, che inducano al superamento delle difficolt\u00e0 in maniera autonoma.<\/p>\n\n\n\n<div style=\"height:50px\" aria-hidden=\"true\" class=\"wp-block-spacer\"><\/div>\n\n\n\n<h3 class=\"wp-block-heading\"><strong>Terapaia Occupazionale<\/strong><\/h3>\n\n\n\n<p>La terapia occupazionale si propone di promuovere la salute e il benessere attraverso l\u2019occupazione che, utilizzando come mezzo \u201c il saper fare\u201d collegato alle attivit\u00e0 semplici della vita quotidiana, interessa la persona in maniera totale con lo scopo di migliorare complessivamente la qualit\u00e0 di vita. Attraverso la terapia occupazionale i partecipanti sperimentano, mediante\u201d il fare\u201d, attivit\u00e0 che sono in grado di modificare le funzioni corporee legate alla persona intesa come individuo che agisce.<\/p>\n\n\n\n<div style=\"height:50px\" aria-hidden=\"true\" class=\"wp-block-spacer\"><\/div>\n\n\n\n<h3 class=\"wp-block-heading\"><strong>Laboratorio di Musicoterapia &#8220;Sound&#8221;<\/strong><\/h3>\n\n\n\n<p>Il suono e la musica fanno parte della vita di ciascuno di noi e nel susseguirsi delle esperienze formano un vero e proprio imprinting che caratterizza la persona. Per tale motivo la musica \u00e8 ritenuta un mezzo espressivo efficace, in quanto a tutti succede di provare emozioni ascoltando un brano musicale grazie alla sua capacit\u00e0 di aprire porte sul mondo interiore di ciascuno di noi. Lo scopo del progetto \u201cSOUND\u201d \u00e8 quello di utilizzare la musica come mezzo di comunicazione dove le parole non sono utilizzabili, permettendo cos\u00ec ai partecipanti di comunicare con un codice alternativo che, attraverso gli stimoli musicali, innesca un processo di migliori atteggiamenti nella sfera affettiva, motivazionale e comunicativa.<\/p>\n\n\n\n<div style=\"height:50px\" aria-hidden=\"true\" class=\"wp-block-spacer\"><\/div>\n\n\n\n<h3 class=\"wp-block-heading\"><strong>Laboratorio di Ceramica<\/strong><\/h3>\n\n\n\n<p>La manipolazione di materiali plastici permette di esprimere la fantasia individuale, soprattutto nei soggetti compromessi da difficolt\u00e0 di apprendimento, sfruttando la percezione tattile: una delle facolt\u00e0 innate che consentono il contatto immediato con \u201cil reale \u201d. La percezione diretta delle cose innesca nell\u2019individuo un processo di autogestione nell\u2019interazione con l\u2019ambiente che lo circonda, dando libero sfogo alla creativit\u00e0. La manipolazione diventa, quindi, uno stimolo fondamentale all\u2019acquisizione dell\u2019autostima nello sviluppo della personalit\u00e0 nella sua interezza.<\/p>\n","protected":false},"excerpt":{"rendered":"<p>Le attivit\u00e0 per i ragazzi Il centro offre un servizio socio-educativo a tutti i ragazzi con disabilit\u00e0 psico-fisiche, soprattutto a quelli non pi\u00f9 in et\u00e0 scolare. La permanenza al centro rappresenta una valida opportunit\u00e0 di recupero per i soggetti in difficolt\u00e0 e una possibilit\u00e0 di sostegno per le famiglie, alle quali non viene sottratto il<\/p>\n<p><a href=\"https:\/\/autiliavolpe.it\/index.php\/le-attivita\/\" class=\"more-link\">Leggi tutto<\/a><\/p>\n","protected":false},"author":1,"featured_media":0,"parent":0,"menu_order":0,"comment_status":"closed","ping_status":"closed","template":"","meta":{"footnotes":""},"class_list":["post-122","page","type-page","status-publish","hentry"],"_links":{"self":[{"href":"https:\/\/autiliavolpe.it\/index.php\/wp-json\/wp\/v2\/pages\/122","targetHints":{"allow":["GET"]}}],"collection":[{"href":"https:\/\/autiliavolpe.it\/index.php\/wp-json\/wp\/v2\/pages"}],"about":[{"href":"https:\/\/autiliavolpe.it\/index.php\/wp-json\/wp\/v2\/types\/page"}],"author":[{"embeddable":true,"href":"https:\/\/autiliavolpe.it\/index.php\/wp-json\/wp\/v2\/users\/1"}],"replies":[{"embeddable":true,"href":"https:\/\/autiliavolpe.it\/index.php\/wp-json\/wp\/v2\/comments?post=122"}],"version-history":[{"count":2,"href":"https:\/\/autiliavolpe.it\/index.php\/wp-json\/wp\/v2\/pages\/122\/revisions"}],"predecessor-version":[{"id":397,"href":"https:\/\/autiliavolpe.it\/index.php\/wp-json\/wp\/v2\/pages\/122\/revisions\/397"}],"wp:attachment":[{"href":"https:\/\/autiliavolpe.it\/index.php\/wp-json\/wp\/v2\/media?parent=122"}],"curies":[{"name":"wp","href":"https:\/\/api.w.org\/{rel}","templated":true}]}}